{"id":2,"date":"2023-03-11T17:51:04","date_gmt":"2023-03-11T16:51:04","guid":{"rendered":"https:\/\/taetigkeitstheorie.de\/?page_id=2"},"modified":"2023-03-18T19:25:54","modified_gmt":"2023-03-18T18:25:54","slug":"beispiel-seite","status":"publish","type":"page","link":"https:\/\/taetigkeitstheorie.de\/","title":{"rendered":""},"content":{"rendered":"<h1><strong>N\u00e4chster Termin:<\/strong><\/h1>\n<h2>17. Workshop T\u00e4tigkeitstheorie und Kulturhistorische Schule<\/h2>\n<h2>Weitere Informationen folgen.<\/h2>\n<p>&nbsp;<\/p>\n<hr \/>\n<p>&nbsp;<\/p>\n\r\n\t\t<div class=\"bdp-post-grid-main bdp-design-2 bdpgrid-2 bdp-clearfix\">\r\n\t\t\t<div class=\"bdp-post-grid bdp-medium-6 bdp-columns  bdp-first\">\r\n\t<div class=\"bdp-post-grid-content bdp-no-thumb-image\">\r\n\t\t\t\t<div class=\"bdp-post-margin-content\">\r\n\t\t\t\r\n\t\t\t<h2 class=\"bdp-post-title\">\r\n\t\t\t\t<a href=\"https:\/\/taetigkeitstheorie.de\/?p=88\">Jetzt anmelden: Workshop T\u00e4tigkeitstheorie und Kulturhistorische Schule 2023<\/a>\r\n\t\t\t<\/h2>\r\n\r\n\t\t\t\t\t\t\t<div class=\"bdp-post-meta\">\r\n\t\t\t\t\t\t\t\t\t\t\t<span class=\"bdp-post-meta-innr bdp-time\"> 22. Juli 2023 <\/span>\r\n\t\t\t\t\t\t\t\t\t<\/div>\r\n\t\t\t\t\t\t<div class=\"bdp-post-content\">\r\n\t\t\t\t<div class=\"bdp-post-short-content\">Liebe Freunde der T\u00e4tigkeitstheorie,unser j\u00e4hrliches Treffen n\u00e4hert sich: wir treffen uns dieses Jahr vom 13.-15., Oktober im Erbacher Hof in...<\/div>\r\n\t\t\t\t\t\t\t\t\t<a href=\"https:\/\/taetigkeitstheorie.de\/?p=88\" class=\"bdp-readmorebtn\">Weiterlesen<\/a>\r\n\t\t\t\t\t\t\t<\/div>\r\n\t\t\t\t\t<\/div>\r\n\t<\/div>\r\n<\/div><div class=\"bdp-post-grid bdp-medium-6 bdp-columns \">\r\n\t<div class=\"bdp-post-grid-content \">\r\n\t\t\t\t<div class=\"bdp-post-image-bg\">\r\n\t\t\t<a href=\"https:\/\/taetigkeitstheorie.de\/?p=11\">\r\n\t\t\t\t<img decoding=\"async\" src=\"https:\/\/taetigkeitstheorie.de\/wp-content\/uploads\/2023\/03\/25966205_xl_normal_none-1024x683.jpg\" alt=\"Historische und systematische Aspekte des Lesens als kulturelle Praxis &#8211; Eine Fallstudie mit und \u00fcber brasilianische Jugendlichen einer Favela\" \/>\r\n\t\t\t<\/a>\r\n\t\t<\/div>\r\n\t\t\t\t<div class=\"bdp-post-margin-content\">\r\n\t\t\t\r\n\t\t\t<h2 class=\"bdp-post-title\">\r\n\t\t\t\t<a href=\"https:\/\/taetigkeitstheorie.de\/?p=11\">Historische und systematische Aspekte des Lesens als kulturelle Praxis &#8211; Eine Fallstudie mit und \u00fcber brasilianische Jugendlichen einer Favela<\/a>\r\n\t\t\t<\/h2>\r\n\r\n\t\t\t\t\t\t\t<div class=\"bdp-post-meta\">\r\n\t\t\t\t\t\t\t\t\t\t\t<span class=\"bdp-post-meta-innr bdp-time\"> 18. M\u00e4rz 2023 <\/span>\r\n\t\t\t\t\t\t\t\t\t<\/div>\r\n\t\t\t\t\t\t<div class=\"bdp-post-content\">\r\n\t\t\t\t<div class=\"bdp-post-short-content\">Bernd Fichtner \/ Ohrbeck 2021 In diesem Beitrag werden historische und systematische Aspekte des Lesens und der aktuellen Leseforschung vorgestellt...<\/div>\r\n\t\t\t\t\t\t\t\t\t<a href=\"https:\/\/taetigkeitstheorie.de\/?p=11\" class=\"bdp-readmorebtn\">Weiterlesen<\/a>\r\n\t\t\t\t\t\t\t<\/div>\r\n\t\t\t\t\t<\/div>\r\n\t<\/div>\r\n<\/div><div class=\"bdp-post-grid bdp-medium-6 bdp-columns  bdp-first\">\r\n\t<div class=\"bdp-post-grid-content \">\r\n\t\t\t\t<div class=\"bdp-post-image-bg\">\r\n\t\t\t<a href=\"https:\/\/taetigkeitstheorie.de\/?p=8\">\r\n\t\t\t\t<img decoding=\"async\" src=\"https:\/\/taetigkeitstheorie.de\/wp-content\/uploads\/2023\/03\/37426079_xl_normal_none-1024x678.jpg\" alt=\"\u201eUnser Leontjev\u201c Thesen zum Gebrauchswert der T\u00e4tigkeitstheorie f\u00fcr Soziale Arbeit\" \/>\r\n\t\t\t<\/a>\r\n\t\t<\/div>\r\n\t\t\t\t<div class=\"bdp-post-margin-content\">\r\n\t\t\t\r\n\t\t\t<h2 class=\"bdp-post-title\">\r\n\t\t\t\t<a href=\"https:\/\/taetigkeitstheorie.de\/?p=8\">\u201eUnser Leontjev\u201c Thesen zum Gebrauchswert der T\u00e4tigkeitstheorie f\u00fcr Soziale Arbeit<\/a>\r\n\t\t\t<\/h2>\r\n\r\n\t\t\t\t\t\t\t<div class=\"bdp-post-meta\">\r\n\t\t\t\t\t\t\t\t\t\t\t<span class=\"bdp-post-meta-innr bdp-time\"> 18. M\u00e4rz 2023 <\/span>\r\n\t\t\t\t\t\t\t\t\t<\/div>\r\n\t\t\t\t\t\t<div class=\"bdp-post-content\">\r\n\t\t\t\t<div class=\"bdp-post-short-content\">2021-10-16 Dorothee Roer, Renate Maurer-Hein \u00a0 Frage: K\u00f6nnen Theorien Gebrauchswert haben? Oder: Was hat der Gebrauchswert in der wissenschaftlichen Diskussion...<\/div>\r\n\t\t\t\t\t\t\t\t\t<a href=\"https:\/\/taetigkeitstheorie.de\/?p=8\" class=\"bdp-readmorebtn\">Weiterlesen<\/a>\r\n\t\t\t\t\t\t\t<\/div>\r\n\t\t\t\t\t<\/div>\r\n\t<\/div>\r\n<\/div><div class=\"bdp-post-grid bdp-medium-6 bdp-columns \">\r\n\t<div class=\"bdp-post-grid-content bdp-no-thumb-image\">\r\n\t\t\t\t<div class=\"bdp-post-margin-content\">\r\n\t\t\t\r\n\t\t\t<h2 class=\"bdp-post-title\">\r\n\t\t\t\t<a href=\"https:\/\/taetigkeitstheorie.de\/wp-content\/uploads\/2023\/03\/Bericht-ueber-Ohrbeck-2021-aus-MB-2022.pdf\">[PDF-Download] Bericht Workshop T\u00e4tigkeitstheorie und Kulturhistorische Schule 2021<\/a>\r\n\t\t\t<\/h2>\r\n\r\n\t\t\t\t\t\t\t<div class=\"bdp-post-meta\">\r\n\t\t\t\t\t\t\t\t\t\t\t<span class=\"bdp-post-meta-innr bdp-time\"> 18. M\u00e4rz 2023 <\/span>\r\n\t\t\t\t\t\t\t\t\t<\/div>\r\n\t\t\t\t\t\t<div class=\"bdp-post-content\">\r\n\t\t\t\t<div class=\"bdp-post-short-content\"><\/div>\r\n\t\t\t\t\t\t\t\t\t<a href=\"https:\/\/taetigkeitstheorie.de\/wp-content\/uploads\/2023\/03\/Bericht-ueber-Ohrbeck-2021-aus-MB-2022.pdf\" class=\"bdp-readmorebtn\">Weiterlesen<\/a>\r\n\t\t\t\t\t\t\t<\/div>\r\n\t\t\t\t\t<\/div>\r\n\t<\/div>\r\n<\/div><div class=\"bdp-post-grid bdp-medium-6 bdp-columns  bdp-first\">\r\n\t<div class=\"bdp-post-grid-content bdp-no-thumb-image\">\r\n\t\t\t\t<div class=\"bdp-post-margin-content\">\r\n\t\t\t\r\n\t\t\t<h2 class=\"bdp-post-title\">\r\n\t\t\t\t<a href=\"https:\/\/taetigkeitstheorie.de\/wp-content\/uploads\/2023\/03\/Gesammelte-Programm-bis-2021.pdf\">[PDF-Download] R\u00fcckblick Programme 2004 bis 2021<\/a>\r\n\t\t\t<\/h2>\r\n\r\n\t\t\t\t\t\t\t<div class=\"bdp-post-meta\">\r\n\t\t\t\t\t\t\t\t\t\t\t<span class=\"bdp-post-meta-innr bdp-time\"> 18. M\u00e4rz 2023 <\/span>\r\n\t\t\t\t\t\t\t\t\t<\/div>\r\n\t\t\t\t\t\t<div class=\"bdp-post-content\">\r\n\t\t\t\t<div class=\"bdp-post-short-content\"><\/div>\r\n\t\t\t\t\t\t\t\t\t<a href=\"https:\/\/taetigkeitstheorie.de\/wp-content\/uploads\/2023\/03\/Gesammelte-Programm-bis-2021.pdf\" class=\"bdp-readmorebtn\">Weiterlesen<\/a>\r\n\t\t\t\t\t\t\t<\/div>\r\n\t\t\t\t\t<\/div>\r\n\t<\/div>\r\n<\/div>\t\t<\/div>\r\n\r\n\t\t\n","protected":false},"excerpt":{"rendered":"<p>N\u00e4chster Termin: 17. Workshop T\u00e4tigkeitstheorie und Kulturhistorische Schule Weitere Informationen folgen. &nbsp; &nbsp;<\/p>\n","protected":false},"author":1,"featured_media":0,"parent":0,"menu_order":0,"comment_status":"closed","ping_status":"open","template":"onecolumn-page.php","meta":{"footnotes":"","_links_to":"","_links_to_target":""},"class_list":["post-2","page","type-page","status-publish","hentry"],"_links":{"self":[{"href":"https:\/\/taetigkeitstheorie.de\/index.php?rest_route=\/wp\/v2\/pages\/2","targetHints":{"allow":["GET"]}}],"collection":[{"href":"https:\/\/taetigkeitstheorie.de\/index.php?rest_route=\/wp\/v2\/pages"}],"about":[{"href":"https:\/\/taetigkeitstheorie.de\/index.php?rest_route=\/wp\/v2\/types\/page"}],"author":[{"embeddable":true,"href":"https:\/\/taetigkeitstheorie.de\/index.php?rest_route=\/wp\/v2\/users\/1"}],"replies":[{"embeddable":true,"href":"https:\/\/taetigkeitstheorie.de\/index.php?rest_route=%2Fwp%2Fv2%2Fcomments&post=2"}],"version-history":[{"count":17,"href":"https:\/\/taetigkeitstheorie.de\/index.php?rest_route=\/wp\/v2\/pages\/2\/revisions"}],"predecessor-version":[{"id":73,"href":"https:\/\/taetigkeitstheorie.de\/index.php?rest_route=\/wp\/v2\/pages\/2\/revisions\/73"}],"wp:attachment":[{"href":"https:\/\/taetigkeitstheorie.de\/index.php?rest_route=%2Fwp%2Fv2%2Fmedia&parent=2"}],"curies":[{"name":"wp","href":"https:\/\/api.w.org\/{rel}","templated":true}]}}